{"id":16152,"date":"2019-03-07T16:05:47","date_gmt":"2019-03-07T15:05:47","guid":{"rendered":"https:\/\/staging.idcab.se\/projekt-insatser\/avslutade-projekt\/"},"modified":"2020-12-10T09:08:15","modified_gmt":"2020-12-10T08:08:15","slug":"avslutade-projekt","status":"publish","type":"page","link":"https:\/\/staging.idcab.se\/en\/projekt-insatser\/avslutade-projekt\/","title":{"rendered":"Completed projects"},"content":{"rendered":"<h1><strong>Completed projects<\/strong><\/h1>\n<p class=\"lead-text\">Over the years, IDC has completed a number of projects, amongst others, Kompetensnavet, H\u00e5llbar industriell utveckling and M\u00f6belbruket.<\/p>\n<h2><\/h2>\n<h2>UDI<\/h2>\n<p class=\"lead-text\">The next generation of drive lines in Sweden.<\/p>\n<p><a href=\"https:\/\/storage.googleapis.com\/staging-idcab-se\/uploads\/2020\/12\/Drivlinor2-300x200-1.jpg\"><img loading=\"lazy\" decoding=\"async\" class=\"wp-image-22104 size-full alignright\" src=\"https:\/\/storage.googleapis.com\/staging-idcab-se\/uploads\/2020\/12\/Drivlinor2-300x200-1.jpg\" alt=\"\" width=\"300\" height=\"200\" \/><\/a>The project takes place within the Vinnova program for challenging innovation and it creates the prerequistes for the development of electronic drive lines and efficient value chains for production in Sweden.<\/p>\n<p>&nbsp;<\/p>\n<h2>M\u00f6belbruket<\/h2>\n<p class=\"lead-text\">The project investigated an efficient public handling of furniture and worked as support where the public sector could find and disseminate information about the circular handling of furniture.<\/p>\n<p>Between 2015 and 2019, the M\u00f6belbruket Project together with the furniture industry investigated how a professional handling of furniture for recycling could be implemented. The aim was to find a working business model which was successful. A finished business model is now being run by the Sajkla company which takes care of questions concerning businesses connected to an industrial qualitative recycling. A rationalised flow of furniture for recycling goes via the supplier networks which have previously taken part in the M\u00f6belbruket Project.<\/p>\n<p><a href=\"https:\/\/storage.googleapis.com\/staging-idcab-se\/uploads\/2017\/10\/mobelbruket-bild.jpg\"><img loading=\"lazy\" decoding=\"async\" class=\"alignnone wp-image-8212 size-full\" src=\"https:\/\/storage.googleapis.com\/staging-idcab-se\/uploads\/2017\/10\/mobelbruket-bild.jpg\" alt=\"m\u00f6belbruket bild\" width=\"980\" height=\"306\" srcset=\"https:\/\/storage.googleapis.com\/staging-idcab-se\/uploads\/2017\/10\/mobelbruket-bild.jpg 980w, https:\/\/storage.googleapis.com\/staging-idcab-se\/uploads\/2017\/10\/mobelbruket-bild-300x94.jpg 300w, https:\/\/storage.googleapis.com\/staging-idcab-se\/uploads\/2017\/10\/mobelbruket-bild-768x240.jpg 768w\" sizes=\"(max-width: 980px) 100vw, 980px\" \/><\/a><\/p>\n<p>&nbsp;<\/p>\n<h2>H\u00e5llbar Industriell Utveckling<\/h2>\n<p class=\"lead-text\">The project created increased competitiveness for our partner companies by the conversion to a more sustainable business and manufacturing process. In the concept of sustainability, there are three dimensions: socal, economic and ecological.<\/p>\n<p>Sustainable Industrial Development ran between the years 2016 and 2018 and it was run through \u201dhelp to self-help\u201d to attain long-term effects. Through a learning organisation, the level is increased internally in the companies and it is retained to be further developed even after the venture. Participating companies have, via the project, received a more systematic and strategic way to work when it comes to the sustainable development of their business and production; this in turn generates a competitive and profitable industry.<\/p>\n<p><a href=\"https:\/\/storage.googleapis.com\/staging-idcab-se\/uploads\/2017\/05\/vaxt-som-gror-1920x600-2.jpg\"><img loading=\"lazy\" decoding=\"async\" class=\"alignnone wp-image-819 size-large\" src=\"https:\/\/storage.googleapis.com\/staging-idcab-se\/uploads\/2017\/05\/vaxt-som-gror-1920x600-2-1024x320.jpg\" alt=\"v\u00e4xt som gror 1920x600 2\" width=\"730\" height=\"228\" srcset=\"https:\/\/storage.googleapis.com\/staging-idcab-se\/uploads\/2017\/05\/vaxt-som-gror-1920x600-2-1024x320.jpg 1024w, https:\/\/storage.googleapis.com\/staging-idcab-se\/uploads\/2017\/05\/vaxt-som-gror-1920x600-2-300x94.jpg 300w, https:\/\/storage.googleapis.com\/staging-idcab-se\/uploads\/2017\/05\/vaxt-som-gror-1920x600-2-768x240.jpg 768w, https:\/\/storage.googleapis.com\/staging-idcab-se\/uploads\/2017\/05\/vaxt-som-gror-1920x600-2.jpg 1466w\" sizes=\"(max-width: 730px) 100vw, 730px\" \/><\/a><\/p>\n<h2>Kompetensnavet<\/h2>\n<p class=\"lead-text\">A development project that made a difference.<\/p>\n<p>The Competence Node was run during a three-year period between October 2015 and September 2018. The aim of the project was to secure attractive workplaces for a sustainable future industry and included subjects such as values, mapping of competence, employeeship, involvement, education, equality and diversity.<\/p>\n<p><a href=\"https:\/\/storage.googleapis.com\/staging-idcab-se\/uploads\/2018\/04\/IDC-Offecct-7.jpg\"><img loading=\"lazy\" decoding=\"async\" class=\"alignnone wp-image-10396 size-large\" src=\"https:\/\/storage.googleapis.com\/staging-idcab-se\/uploads\/2018\/04\/IDC-Offecct-7-1024x320.jpg\" alt=\"\" width=\"730\" height=\"228\" srcset=\"https:\/\/storage.googleapis.com\/staging-idcab-se\/uploads\/2018\/04\/IDC-Offecct-7-1024x320.jpg 1024w, https:\/\/storage.googleapis.com\/staging-idcab-se\/uploads\/2018\/04\/IDC-Offecct-7-300x94.jpg 300w, https:\/\/storage.googleapis.com\/staging-idcab-se\/uploads\/2018\/04\/IDC-Offecct-7-768x240.jpg 768w, https:\/\/storage.googleapis.com\/staging-idcab-se\/uploads\/2018\/04\/IDC-Offecct-7.jpg 1920w\" sizes=\"(max-width: 730px) 100vw, 730px\" \/><\/a><\/p>\n","protected":false},"excerpt":{"rendered":"<p>Completed projects Over the years, IDC has completed a number of projects, amongst others, Kompetensnavet, H\u00e5llbar industriell utveckling and M\u00f6belbruket.&#8230; <a href=\"https:\/\/staging.idcab.se\/en\/projekt-insatser\/avslutade-projekt\/\">Read more<\/a><\/p>\n","protected":false},"author":10,"featured_media":0,"parent":15434,"menu_order":0,"comment_status":"closed","ping_status":"closed","template":"","meta":{"footnotes":""},"class_list":["post-16152","page","type-page","status-publish","hentry"],"yoast_head":"<!-- This site is optimized with the Yoast SEO plugin v23.3 - https:\/\/yoast.com\/wordpress\/plugins\/seo\/ -->\n<title>Completed projects | IDC | Skaraborgs utvecklingsbolag f\u00f6r industrin<\/title>\n<meta name=\"description\" content=\"IDC har genom \u00e5ren genomf\u00f6rt en rad projekt. H\u00e4r kan du l\u00e4sa om tidigare projekt som nu \u00e4r avslutade men som varit en viktig del f\u00f6r industrins utveckling.\" \/>\n<meta name=\"robots\" content=\"noindex, nofollow\" \/>\n<meta property=\"og:locale\" content=\"en_US\" \/>\n<meta property=\"og:type\" content=\"article\" \/>\n<meta property=\"og:title\" content=\"Completed projects | IDC | Skaraborgs utvecklingsbolag f\u00f6r industrin\" \/>\n<meta property=\"og:description\" content=\"IDC har genom \u00e5ren genomf\u00f6rt en rad projekt. H\u00e4r kan du l\u00e4sa om tidigare projekt som nu \u00e4r avslutade men som varit en viktig del f\u00f6r industrins utveckling.\" \/>\n<meta property=\"og:url\" content=\"https:\/\/staging.idcab.se\/en\/projekt-insatser\/avslutade-projekt\/\" \/>\n<meta property=\"og:site_name\" content=\"IDC | Skaraborgs utvecklingsbolag f\u00f6r industrin\" \/>\n<meta property=\"article:publisher\" content=\"https:\/\/www.facebook.com\/IDC-West-Sweden-AB-126935520693598\/?fref=ts\" \/>\n<meta property=\"article:modified_time\" content=\"2020-12-10T08:08:15+00:00\" \/>\n<meta property=\"og:image\" content=\"https:\/\/storage.googleapis.com\/staging-idcab-se\/uploads\/2020\/12\/Drivlinor2-300x200-1.jpg\" \/>\n<meta name=\"twitter:card\" content=\"summary_large_image\" \/>\n<meta name=\"twitter:label1\" content=\"Est. reading time\" \/>\n\t<meta name=\"twitter:data1\" content=\"2 minutes\" \/>\n<script type=\"application\/ld+json\" class=\"yoast-schema-graph\">{\"@context\":\"https:\/\/schema.org\",\"@graph\":[{\"@type\":\"WebPage\",\"@id\":\"https:\/\/staging.idcab.se\/en\/projekt-insatser\/avslutade-projekt\/\",\"url\":\"https:\/\/staging.idcab.se\/en\/projekt-insatser\/avslutade-projekt\/\",\"name\":\"Completed projects | IDC | Skaraborgs utvecklingsbolag f\u00f6r industrin\",\"isPartOf\":{\"@id\":\"https:\/\/staging.idcab.se\/en\/#website\"},\"primaryImageOfPage\":{\"@id\":\"https:\/\/staging.idcab.se\/en\/projekt-insatser\/avslutade-projekt\/#primaryimage\"},\"image\":{\"@id\":\"https:\/\/staging.idcab.se\/en\/projekt-insatser\/avslutade-projekt\/#primaryimage\"},\"thumbnailUrl\":\"https:\/\/storage.googleapis.com\/staging-idcab-se\/uploads\/2020\/12\/Drivlinor2-300x200-1.jpg\",\"datePublished\":\"2019-03-07T15:05:47+00:00\",\"dateModified\":\"2020-12-10T08:08:15+00:00\",\"description\":\"IDC har genom \u00e5ren genomf\u00f6rt en rad projekt. H\u00e4r kan du l\u00e4sa om tidigare projekt som nu \u00e4r avslutade men som varit en viktig del f\u00f6r industrins utveckling.\",\"breadcrumb\":{\"@id\":\"https:\/\/staging.idcab.se\/en\/projekt-insatser\/avslutade-projekt\/#breadcrumb\"},\"inLanguage\":\"en-US\",\"potentialAction\":[{\"@type\":\"ReadAction\",\"target\":[\"https:\/\/staging.idcab.se\/en\/projekt-insatser\/avslutade-projekt\/\"]}]},{\"@type\":\"ImageObject\",\"inLanguage\":\"en-US\",\"@id\":\"https:\/\/staging.idcab.se\/en\/projekt-insatser\/avslutade-projekt\/#primaryimage\",\"url\":\"https:\/\/storage.googleapis.com\/staging-idcab-se\/uploads\/2020\/12\/Drivlinor2-300x200-1.jpg\",\"contentUrl\":\"https:\/\/storage.googleapis.com\/staging-idcab-se\/uploads\/2020\/12\/Drivlinor2-300x200-1.jpg\"},{\"@type\":\"BreadcrumbList\",\"@id\":\"https:\/\/staging.idcab.se\/en\/projekt-insatser\/avslutade-projekt\/#breadcrumb\",\"itemListElement\":[{\"@type\":\"ListItem\",\"position\":1,\"name\":\"Hem\",\"item\":\"https:\/\/staging.idcab.se\/en\/\"},{\"@type\":\"ListItem\",\"position\":2,\"name\":\"Projects and ventures\",\"item\":\"https:\/\/staging.idcab.se\/en\/projekt-insatser\/\"},{\"@type\":\"ListItem\",\"position\":3,\"name\":\"Completed projects\"}]},{\"@type\":\"WebSite\",\"@id\":\"https:\/\/staging.idcab.se\/en\/#website\",\"url\":\"https:\/\/staging.idcab.se\/en\/\",\"name\":\"IDC | Skaraborgs utvecklingsbolag f\u00f6r industrin\",\"description\":\"IDC | Skaraborgs utvecklingsbolag f\u00f6r industrin\",\"publisher\":{\"@id\":\"https:\/\/staging.idcab.se\/en\/#organization\"},\"potentialAction\":[{\"@type\":\"SearchAction\",\"target\":{\"@type\":\"EntryPoint\",\"urlTemplate\":\"https:\/\/staging.idcab.se\/en\/?s={search_term_string}\"},\"query-input\":\"required name=search_term_string\"}],\"inLanguage\":\"en-US\"},{\"@type\":\"Organization\",\"@id\":\"https:\/\/staging.idcab.se\/en\/#organization\",\"name\":\"IDC - Industrial Development Center West Sweden AB\",\"url\":\"https:\/\/staging.idcab.se\/en\/\",\"logo\":{\"@type\":\"ImageObject\",\"inLanguage\":\"en-US\",\"@id\":\"https:\/\/staging.idcab.se\/en\/#\/schema\/logo\/image\/\",\"url\":\"https:\/\/storage.googleapis.com\/staging-idcab-se\/uploads\/2017\/06\/idc-logo-large.png\",\"contentUrl\":\"https:\/\/storage.googleapis.com\/staging-idcab-se\/uploads\/2017\/06\/idc-logo-large.png\",\"width\":840,\"height\":370,\"caption\":\"IDC - Industrial Development Center West Sweden AB\"},\"image\":{\"@id\":\"https:\/\/staging.idcab.se\/en\/#\/schema\/logo\/image\/\"},\"sameAs\":[\"https:\/\/www.facebook.com\/IDC-West-Sweden-AB-126935520693598\/?fref=ts\",\"https:\/\/www.linkedin.com\/company\/1178676\/\"]}]}<\/script>\n<!-- \/ Yoast SEO plugin. -->","yoast_head_json":{"title":"Completed projects | IDC | Skaraborgs utvecklingsbolag f\u00f6r industrin","description":"IDC har genom \u00e5ren genomf\u00f6rt en rad projekt. H\u00e4r kan du l\u00e4sa om tidigare projekt som nu \u00e4r avslutade men som varit en viktig del f\u00f6r industrins utveckling.","robots":{"index":"noindex","follow":"nofollow"},"og_locale":"en_US","og_type":"article","og_title":"Completed projects | IDC | Skaraborgs utvecklingsbolag f\u00f6r industrin","og_description":"IDC har genom \u00e5ren genomf\u00f6rt en rad projekt. H\u00e4r kan du l\u00e4sa om tidigare projekt som nu \u00e4r avslutade men som varit en viktig del f\u00f6r industrins utveckling.","og_url":"https:\/\/staging.idcab.se\/en\/projekt-insatser\/avslutade-projekt\/","og_site_name":"IDC | Skaraborgs utvecklingsbolag f\u00f6r industrin","article_publisher":"https:\/\/www.facebook.com\/IDC-West-Sweden-AB-126935520693598\/?fref=ts","article_modified_time":"2020-12-10T08:08:15+00:00","og_image":[{"url":"https:\/\/storage.googleapis.com\/staging-idcab-se\/uploads\/2020\/12\/Drivlinor2-300x200-1.jpg"}],"twitter_card":"summary_large_image","twitter_misc":{"Est. reading time":"2 minutes"},"schema":{"@context":"https:\/\/schema.org","@graph":[{"@type":"WebPage","@id":"https:\/\/staging.idcab.se\/en\/projekt-insatser\/avslutade-projekt\/","url":"https:\/\/staging.idcab.se\/en\/projekt-insatser\/avslutade-projekt\/","name":"Completed projects | IDC | Skaraborgs utvecklingsbolag f\u00f6r industrin","isPartOf":{"@id":"https:\/\/staging.idcab.se\/en\/#website"},"primaryImageOfPage":{"@id":"https:\/\/staging.idcab.se\/en\/projekt-insatser\/avslutade-projekt\/#primaryimage"},"image":{"@id":"https:\/\/staging.idcab.se\/en\/projekt-insatser\/avslutade-projekt\/#primaryimage"},"thumbnailUrl":"https:\/\/storage.googleapis.com\/staging-idcab-se\/uploads\/2020\/12\/Drivlinor2-300x200-1.jpg","datePublished":"2019-03-07T15:05:47+00:00","dateModified":"2020-12-10T08:08:15+00:00","description":"IDC har genom \u00e5ren genomf\u00f6rt en rad projekt. H\u00e4r kan du l\u00e4sa om tidigare projekt som nu \u00e4r avslutade men som varit en viktig del f\u00f6r industrins utveckling.","breadcrumb":{"@id":"https:\/\/staging.idcab.se\/en\/projekt-insatser\/avslutade-projekt\/#breadcrumb"},"inLanguage":"en-US","potentialAction":[{"@type":"ReadAction","target":["https:\/\/staging.idcab.se\/en\/projekt-insatser\/avslutade-projekt\/"]}]},{"@type":"ImageObject","inLanguage":"en-US","@id":"https:\/\/staging.idcab.se\/en\/projekt-insatser\/avslutade-projekt\/#primaryimage","url":"https:\/\/storage.googleapis.com\/staging-idcab-se\/uploads\/2020\/12\/Drivlinor2-300x200-1.jpg","contentUrl":"https:\/\/storage.googleapis.com\/staging-idcab-se\/uploads\/2020\/12\/Drivlinor2-300x200-1.jpg"},{"@type":"BreadcrumbList","@id":"https:\/\/staging.idcab.se\/en\/projekt-insatser\/avslutade-projekt\/#breadcrumb","itemListElement":[{"@type":"ListItem","position":1,"name":"Hem","item":"https:\/\/staging.idcab.se\/en\/"},{"@type":"ListItem","position":2,"name":"Projects and ventures","item":"https:\/\/staging.idcab.se\/en\/projekt-insatser\/"},{"@type":"ListItem","position":3,"name":"Completed projects"}]},{"@type":"WebSite","@id":"https:\/\/staging.idcab.se\/en\/#website","url":"https:\/\/staging.idcab.se\/en\/","name":"IDC | Skaraborgs utvecklingsbolag f\u00f6r industrin","description":"IDC | Skaraborgs utvecklingsbolag f\u00f6r industrin","publisher":{"@id":"https:\/\/staging.idcab.se\/en\/#organization"},"potentialAction":[{"@type":"SearchAction","target":{"@type":"EntryPoint","urlTemplate":"https:\/\/staging.idcab.se\/en\/?s={search_term_string}"},"query-input":"required name=search_term_string"}],"inLanguage":"en-US"},{"@type":"Organization","@id":"https:\/\/staging.idcab.se\/en\/#organization","name":"IDC - Industrial Development Center West Sweden AB","url":"https:\/\/staging.idcab.se\/en\/","logo":{"@type":"ImageObject","inLanguage":"en-US","@id":"https:\/\/staging.idcab.se\/en\/#\/schema\/logo\/image\/","url":"https:\/\/storage.googleapis.com\/staging-idcab-se\/uploads\/2017\/06\/idc-logo-large.png","contentUrl":"https:\/\/storage.googleapis.com\/staging-idcab-se\/uploads\/2017\/06\/idc-logo-large.png","width":840,"height":370,"caption":"IDC - Industrial Development Center West Sweden AB"},"image":{"@id":"https:\/\/staging.idcab.se\/en\/#\/schema\/logo\/image\/"},"sameAs":["https:\/\/www.facebook.com\/IDC-West-Sweden-AB-126935520693598\/?fref=ts","https:\/\/www.linkedin.com\/company\/1178676\/"]}]}},"_links":{"self":[{"href":"https:\/\/staging.idcab.se\/en\/wp-json\/wp\/v2\/pages\/16152"}],"collection":[{"href":"https:\/\/staging.idcab.se\/en\/wp-json\/wp\/v2\/pages"}],"about":[{"href":"https:\/\/staging.idcab.se\/en\/wp-json\/wp\/v2\/types\/page"}],"author":[{"embeddable":true,"href":"https:\/\/staging.idcab.se\/en\/wp-json\/wp\/v2\/users\/10"}],"replies":[{"embeddable":true,"href":"https:\/\/staging.idcab.se\/en\/wp-json\/wp\/v2\/comments?post=16152"}],"version-history":[{"count":6,"href":"https:\/\/staging.idcab.se\/en\/wp-json\/wp\/v2\/pages\/16152\/revisions"}],"predecessor-version":[{"id":22108,"href":"https:\/\/staging.idcab.se\/en\/wp-json\/wp\/v2\/pages\/16152\/revisions\/22108"}],"up":[{"embeddable":true,"href":"https:\/\/staging.idcab.se\/en\/wp-json\/wp\/v2\/pages\/15434"}],"wp:attachment":[{"href":"https:\/\/staging.idcab.se\/en\/wp-json\/wp\/v2\/media?parent=16152"}],"curies":[{"name":"wp","href":"https:\/\/api.w.org\/{rel}","templated":true}]}}