{"id":16143,"date":"2017-05-08T17:40:17","date_gmt":"2017-05-08T15:40:17","guid":{"rendered":"https:\/\/staging.idcab.se\/vi-ar-idc\/medarbetare\/"},"modified":"2022-08-31T11:46:49","modified_gmt":"2022-08-31T09:46:49","slug":"medarbetare","status":"publish","type":"page","link":"https:\/\/staging.idcab.se\/en\/vi-ar-idc\/medarbetare\/","title":{"rendered":"Our co-workers"},"content":{"rendered":"<h1>Our co-workers<\/h1>\n<p class=\"lead-text\">IDC West Sweden AB is a development company for the people in Skaraborg\u2019s manufacturing industry. Those of us who work here drive development in several different ways.<\/p>\n<p>IDC\u2019s co-workers are a group of people with diverse personalities and competences. Together, we have a background and experience within several areas and we complement each other well in our development work. IDC has supported industrial companies in Skaraborg for more than ten years and it is for them that our work exists \u2013 we develop and grow together.<\/p>\n","protected":false},"excerpt":{"rendered":"<p>Our co-workers IDC West Sweden AB is a development company for the people in Skaraborg\u2019s manufacturing industry. Those of us&#8230; <a href=\"https:\/\/staging.idcab.se\/en\/vi-ar-idc\/medarbetare\/\">Read more<\/a><\/p>\n","protected":false},"author":1,"featured_media":0,"parent":15430,"menu_order":0,"comment_status":"closed","ping_status":"closed","template":"","meta":{"footnotes":""},"class_list":["post-16143","page","type-page","status-publish","hentry"],"yoast_head":"<!-- This site is optimized with the Yoast SEO plugin v23.3 - https:\/\/yoast.com\/wordpress\/plugins\/seo\/ -->\n<title>Our co-workers | IDC | Skaraborgs utvecklingsbolag f\u00f6r industrin<\/title>\n<meta name=\"description\" content=\"IDC West Sweden AB \u00e4r ett utvecklingsbolag f\u00f6r m\u00e4nniskorna i Skaraborgs tillverkande industri. Vi som jobbar h\u00e4r driver utveckling p\u00e5 flera olika s\u00e4tt.\" \/>\n<meta name=\"robots\" content=\"noindex, nofollow\" \/>\n<meta property=\"og:locale\" content=\"en_US\" \/>\n<meta property=\"og:type\" content=\"article\" \/>\n<meta property=\"og:title\" content=\"Our co-workers | IDC | Skaraborgs utvecklingsbolag f\u00f6r industrin\" \/>\n<meta property=\"og:description\" content=\"IDC West Sweden AB \u00e4r ett utvecklingsbolag f\u00f6r m\u00e4nniskorna i Skaraborgs tillverkande industri. Vi som jobbar h\u00e4r driver utveckling p\u00e5 flera olika s\u00e4tt.\" \/>\n<meta property=\"og:url\" content=\"https:\/\/staging.idcab.se\/en\/vi-ar-idc\/medarbetare\/\" \/>\n<meta property=\"og:site_name\" content=\"IDC | Skaraborgs utvecklingsbolag f\u00f6r industrin\" \/>\n<meta property=\"article:publisher\" content=\"https:\/\/www.facebook.com\/IDC-West-Sweden-AB-126935520693598\/?fref=ts\" \/>\n<meta property=\"article:modified_time\" content=\"2022-08-31T09:46:49+00:00\" \/>\n<meta name=\"twitter:card\" content=\"summary_large_image\" \/>\n<meta name=\"twitter:label1\" content=\"Est. reading time\" \/>\n\t<meta name=\"twitter:data1\" content=\"1 minute\" \/>\n<script type=\"application\/ld+json\" class=\"yoast-schema-graph\">{\"@context\":\"https:\/\/schema.org\",\"@graph\":[{\"@type\":\"WebPage\",\"@id\":\"https:\/\/staging.idcab.se\/en\/vi-ar-idc\/medarbetare\/\",\"url\":\"https:\/\/staging.idcab.se\/en\/vi-ar-idc\/medarbetare\/\",\"name\":\"Our co-workers | IDC | Skaraborgs utvecklingsbolag f\u00f6r industrin\",\"isPartOf\":{\"@id\":\"https:\/\/staging.idcab.se\/en\/#website\"},\"datePublished\":\"2017-05-08T15:40:17+00:00\",\"dateModified\":\"2022-08-31T09:46:49+00:00\",\"description\":\"IDC West Sweden AB \u00e4r ett utvecklingsbolag f\u00f6r m\u00e4nniskorna i Skaraborgs tillverkande industri. Vi som jobbar h\u00e4r driver utveckling p\u00e5 flera olika s\u00e4tt.\",\"breadcrumb\":{\"@id\":\"https:\/\/staging.idcab.se\/en\/vi-ar-idc\/medarbetare\/#breadcrumb\"},\"inLanguage\":\"en-US\",\"potentialAction\":[{\"@type\":\"ReadAction\",\"target\":[\"https:\/\/staging.idcab.se\/en\/vi-ar-idc\/medarbetare\/\"]}]},{\"@type\":\"BreadcrumbList\",\"@id\":\"https:\/\/staging.idcab.se\/en\/vi-ar-idc\/medarbetare\/#breadcrumb\",\"itemListElement\":[{\"@type\":\"ListItem\",\"position\":1,\"name\":\"Hem\",\"item\":\"https:\/\/staging.idcab.se\/en\/\"},{\"@type\":\"ListItem\",\"position\":2,\"name\":\"We are IDC\",\"item\":\"https:\/\/staging.idcab.se\/en\/vi-ar-idc\/\"},{\"@type\":\"ListItem\",\"position\":3,\"name\":\"Our co-workers\"}]},{\"@type\":\"WebSite\",\"@id\":\"https:\/\/staging.idcab.se\/en\/#website\",\"url\":\"https:\/\/staging.idcab.se\/en\/\",\"name\":\"IDC | Skaraborgs utvecklingsbolag f\u00f6r industrin\",\"description\":\"IDC | Skaraborgs utvecklingsbolag f\u00f6r industrin\",\"publisher\":{\"@id\":\"https:\/\/staging.idcab.se\/en\/#organization\"},\"potentialAction\":[{\"@type\":\"SearchAction\",\"target\":{\"@type\":\"EntryPoint\",\"urlTemplate\":\"https:\/\/staging.idcab.se\/en\/?s={search_term_string}\"},\"query-input\":\"required name=search_term_string\"}],\"inLanguage\":\"en-US\"},{\"@type\":\"Organization\",\"@id\":\"https:\/\/staging.idcab.se\/en\/#organization\",\"name\":\"IDC - Industrial Development Center West Sweden AB\",\"url\":\"https:\/\/staging.idcab.se\/en\/\",\"logo\":{\"@type\":\"ImageObject\",\"inLanguage\":\"en-US\",\"@id\":\"https:\/\/staging.idcab.se\/en\/#\/schema\/logo\/image\/\",\"url\":\"https:\/\/storage.googleapis.com\/staging-idcab-se\/uploads\/2017\/06\/idc-logo-large.png\",\"contentUrl\":\"https:\/\/storage.googleapis.com\/staging-idcab-se\/uploads\/2017\/06\/idc-logo-large.png\",\"width\":840,\"height\":370,\"caption\":\"IDC - Industrial Development Center West Sweden AB\"},\"image\":{\"@id\":\"https:\/\/staging.idcab.se\/en\/#\/schema\/logo\/image\/\"},\"sameAs\":[\"https:\/\/www.facebook.com\/IDC-West-Sweden-AB-126935520693598\/?fref=ts\",\"https:\/\/www.linkedin.com\/company\/1178676\/\"]}]}<\/script>\n<!-- \/ Yoast SEO plugin. -->","yoast_head_json":{"title":"Our co-workers | IDC | Skaraborgs utvecklingsbolag f\u00f6r industrin","description":"IDC West Sweden AB \u00e4r ett utvecklingsbolag f\u00f6r m\u00e4nniskorna i Skaraborgs tillverkande industri. Vi som jobbar h\u00e4r driver utveckling p\u00e5 flera olika s\u00e4tt.","robots":{"index":"noindex","follow":"nofollow"},"og_locale":"en_US","og_type":"article","og_title":"Our co-workers | IDC | Skaraborgs utvecklingsbolag f\u00f6r industrin","og_description":"IDC West Sweden AB \u00e4r ett utvecklingsbolag f\u00f6r m\u00e4nniskorna i Skaraborgs tillverkande industri. Vi som jobbar h\u00e4r driver utveckling p\u00e5 flera olika s\u00e4tt.","og_url":"https:\/\/staging.idcab.se\/en\/vi-ar-idc\/medarbetare\/","og_site_name":"IDC | Skaraborgs utvecklingsbolag f\u00f6r industrin","article_publisher":"https:\/\/www.facebook.com\/IDC-West-Sweden-AB-126935520693598\/?fref=ts","article_modified_time":"2022-08-31T09:46:49+00:00","twitter_card":"summary_large_image","twitter_misc":{"Est. reading time":"1 minute"},"schema":{"@context":"https:\/\/schema.org","@graph":[{"@type":"WebPage","@id":"https:\/\/staging.idcab.se\/en\/vi-ar-idc\/medarbetare\/","url":"https:\/\/staging.idcab.se\/en\/vi-ar-idc\/medarbetare\/","name":"Our co-workers | IDC | Skaraborgs utvecklingsbolag f\u00f6r industrin","isPartOf":{"@id":"https:\/\/staging.idcab.se\/en\/#website"},"datePublished":"2017-05-08T15:40:17+00:00","dateModified":"2022-08-31T09:46:49+00:00","description":"IDC West Sweden AB \u00e4r ett utvecklingsbolag f\u00f6r m\u00e4nniskorna i Skaraborgs tillverkande industri. Vi som jobbar h\u00e4r driver utveckling p\u00e5 flera olika s\u00e4tt.","breadcrumb":{"@id":"https:\/\/staging.idcab.se\/en\/vi-ar-idc\/medarbetare\/#breadcrumb"},"inLanguage":"en-US","potentialAction":[{"@type":"ReadAction","target":["https:\/\/staging.idcab.se\/en\/vi-ar-idc\/medarbetare\/"]}]},{"@type":"BreadcrumbList","@id":"https:\/\/staging.idcab.se\/en\/vi-ar-idc\/medarbetare\/#breadcrumb","itemListElement":[{"@type":"ListItem","position":1,"name":"Hem","item":"https:\/\/staging.idcab.se\/en\/"},{"@type":"ListItem","position":2,"name":"We are IDC","item":"https:\/\/staging.idcab.se\/en\/vi-ar-idc\/"},{"@type":"ListItem","position":3,"name":"Our co-workers"}]},{"@type":"WebSite","@id":"https:\/\/staging.idcab.se\/en\/#website","url":"https:\/\/staging.idcab.se\/en\/","name":"IDC | Skaraborgs utvecklingsbolag f\u00f6r industrin","description":"IDC | Skaraborgs utvecklingsbolag f\u00f6r industrin","publisher":{"@id":"https:\/\/staging.idcab.se\/en\/#organization"},"potentialAction":[{"@type":"SearchAction","target":{"@type":"EntryPoint","urlTemplate":"https:\/\/staging.idcab.se\/en\/?s={search_term_string}"},"query-input":"required name=search_term_string"}],"inLanguage":"en-US"},{"@type":"Organization","@id":"https:\/\/staging.idcab.se\/en\/#organization","name":"IDC - Industrial Development Center West Sweden AB","url":"https:\/\/staging.idcab.se\/en\/","logo":{"@type":"ImageObject","inLanguage":"en-US","@id":"https:\/\/staging.idcab.se\/en\/#\/schema\/logo\/image\/","url":"https:\/\/storage.googleapis.com\/staging-idcab-se\/uploads\/2017\/06\/idc-logo-large.png","contentUrl":"https:\/\/storage.googleapis.com\/staging-idcab-se\/uploads\/2017\/06\/idc-logo-large.png","width":840,"height":370,"caption":"IDC - Industrial Development Center West Sweden AB"},"image":{"@id":"https:\/\/staging.idcab.se\/en\/#\/schema\/logo\/image\/"},"sameAs":["https:\/\/www.facebook.com\/IDC-West-Sweden-AB-126935520693598\/?fref=ts","https:\/\/www.linkedin.com\/company\/1178676\/"]}]}},"_links":{"self":[{"href":"https:\/\/staging.idcab.se\/en\/wp-json\/wp\/v2\/pages\/16143"}],"collection":[{"href":"https:\/\/staging.idcab.se\/en\/wp-json\/wp\/v2\/pages"}],"about":[{"href":"https:\/\/staging.idcab.se\/en\/wp-json\/wp\/v2\/types\/page"}],"author":[{"embeddable":true,"href":"https:\/\/staging.idcab.se\/en\/wp-json\/wp\/v2\/users\/1"}],"replies":[{"embeddable":true,"href":"https:\/\/staging.idcab.se\/en\/wp-json\/wp\/v2\/comments?post=16143"}],"version-history":[{"count":5,"href":"https:\/\/staging.idcab.se\/en\/wp-json\/wp\/v2\/pages\/16143\/revisions"}],"predecessor-version":[{"id":28606,"href":"https:\/\/staging.idcab.se\/en\/wp-json\/wp\/v2\/pages\/16143\/revisions\/28606"}],"up":[{"embeddable":true,"href":"https:\/\/staging.idcab.se\/en\/wp-json\/wp\/v2\/pages\/15430"}],"wp:attachment":[{"href":"https:\/\/staging.idcab.se\/en\/wp-json\/wp\/v2\/media?parent=16143"}],"curies":[{"name":"wp","href":"https:\/\/api.w.org\/{rel}","templated":true}]}}