{"id":15436,"date":"2017-05-08T17:57:11","date_gmt":"2017-05-08T15:57:11","guid":{"rendered":"https:\/\/staging.idcab.se\/kontakt\/"},"modified":"2022-02-11T10:30:48","modified_gmt":"2022-02-11T09:30:48","slug":"kontakt","status":"publish","type":"page","link":"https:\/\/staging.idcab.se\/en\/kontakt\/","title":{"rendered":"Contact us"},"content":{"rendered":"<h1><strong>Contact us<\/strong><\/h1>\n<p class=\"lead-text\">There are several ways to get in touch with us \u2013 choose whatever suits you. Is this the first time you get in touch? Phone or email us and we will forward you to the correct person at IDC.<\/p>\n<div class=\"left-block\">\n<h5>IDC West Sweden AB<\/h5>\n<p>Telephone + 46 500 \u2013 50 25 00<br \/>\nE-mail\u00a0<span class=\"lucid-email-encoded\"><script>(function(){var e='<n uers=\"znvygb:vasb\u00a3vqpno.fr\">vasb\u00a3vqpno.fr<\/n>';}());<\/script><\/span><\/p>\n<h5>Visiting address<\/h5>\n<p>Science Park Sk\u00f6vde<br \/>\nPortalen 3B<br \/>\nKanikegr\u00e4nd 3B<br \/>\n541 34 SK\u00d6VDE<\/p>\n<h5>Postal address<\/h5>\n<p>Box 133<br \/>\nSE-541 23 SK\u00d6VDE<br \/>\nSweden<\/p>\n<\/div>\n<div class=\"right-block\">\n<h5>Newsletter<\/h5>\n<p>Register for our newsletter which is sent out once a month giving you the latest information about us. Please note that the newsletter are written in Swedish only.<\/p>\n<form action=\"https:\/\/newsletter.paloma.se\/register\/\" method=\"get\" name=\"fpren\">\n<div class=\"visuallyhidden\"><input name=\"tacksida\" type=\"hidden\" value=\"https:\/\/staging.idcab.se\/tack\/\" \/><br \/>\n<input name=\"ignorethankspageavailabilitycheck\" type=\"hidden\" value=\"0\" \/><br \/>\n<input name=\"termsguid\" type=\"hidden\" value=\"1dfbc278-ee5d-40ec-98eb-2eb41632f1c9\" \/><\/div>\n<p><label for=\"paloma-name\">Name:<\/label><br \/>\n<input id=\"paloma-name\" name=\"namn\" type=\"text\" \/><br \/>\n<label for=\"paloma-email\">E-mail:<\/label><br \/>\n<input id=\"paloma-email\" name=\"email\" required=\"\" type=\"email\" \/><\/p>\n<div class=\"visuallyhidden\"><label for=\"paloma-donotfill\">L\u00e4mna f\u00f6ljande f\u00e4lt tomt:<\/label><br \/>\n<input id=\"paloma-donotfill\" tabindex=\"-1\" autocomplete=\"new-password\" name=\"donotfill\" type=\"text\" \/><\/div>\n<p><input id=\"paloma-haschecked\" name=\"haschecked\" required=\"\" type=\"checkbox\" \/>\u00a0I agree to the treatment of my details<\/p>\n<p><input type=\"submit\" value=\"Registrera\" \/><\/p>\n<\/form>\n<h5>Social media<\/h5>\n<p><a href=\"https:\/\/www.facebook.com\/IDC-West-Sweden-AB-126935520693598\/?fref=ts\" target=\"_blank\" rel=\"noopener noreferrer\">IDC on Facebook<br \/>\n<\/a><a href=\"https:\/\/www.linkedin.com\/company\/1178676\/\">IDC on LinkedIn<\/a><br \/>\n<a href=\"https:\/\/www.youtube.com\/channel\/UCOxMepLDm9MCdhAXx6A1jOQ?view_as=subscriber\" target=\"_blank\" rel=\"noopener\">IDC on Youtube<\/a><\/p>\n<\/div>\n<h2>Co-workers<\/h2>\n<p>Here is the contact information about those work at IDC. Co-workers are listed in alphabetical order according to first name.<\/p>\n<h5><\/h5>\n","protected":false},"excerpt":{"rendered":"<p>Contact us There are several ways to get in touch with us \u2013 choose whatever suits you. Is this the&#8230; <a href=\"https:\/\/staging.idcab.se\/en\/kontakt\/\">Read more<\/a><\/p>\n","protected":false},"author":1,"featured_media":0,"parent":0,"menu_order":0,"comment_status":"closed","ping_status":"closed","template":"","meta":{"footnotes":""},"class_list":["post-15436","page","type-page","status-publish","hentry"],"yoast_head":"<!-- This site is optimized with the Yoast SEO plugin v23.3 - https:\/\/yoast.com\/wordpress\/plugins\/seo\/ -->\n<title>Contact us | IDC | Skaraborgs utvecklingsbolag f\u00f6r industrin<\/title>\n<meta name=\"description\" content=\"Det finns flera s\u00e4tt f\u00f6r dig att kontakta oss, v\u00e4lj det som passar dig b\u00e4st. IDC West Sweden AB Telefon 0500 \u2013 50 25 00 Epost info@idcab.se\" \/>\n<meta name=\"robots\" content=\"noindex, nofollow\" \/>\n<meta property=\"og:locale\" content=\"en_US\" \/>\n<meta property=\"og:type\" content=\"article\" \/>\n<meta property=\"og:title\" content=\"Contact us | IDC | Skaraborgs utvecklingsbolag f\u00f6r industrin\" \/>\n<meta property=\"og:description\" content=\"Det finns flera s\u00e4tt f\u00f6r dig att kontakta oss, v\u00e4lj det som passar dig b\u00e4st. IDC West Sweden AB Telefon 0500 \u2013 50 25 00 Epost info@idcab.se\" \/>\n<meta property=\"og:url\" content=\"https:\/\/staging.idcab.se\/en\/kontakt\/\" \/>\n<meta property=\"og:site_name\" content=\"IDC | Skaraborgs utvecklingsbolag f\u00f6r industrin\" \/>\n<meta property=\"article:publisher\" content=\"https:\/\/www.facebook.com\/IDC-West-Sweden-AB-126935520693598\/?fref=ts\" \/>\n<meta property=\"article:modified_time\" content=\"2022-02-11T09:30:48+00:00\" \/>\n<meta name=\"twitter:card\" content=\"summary_large_image\" \/>\n<meta name=\"twitter:label1\" content=\"Est. reading time\" \/>\n\t<meta name=\"twitter:data1\" content=\"1 minute\" \/>\n<script type=\"application\/ld+json\" class=\"yoast-schema-graph\">{\"@context\":\"https:\/\/schema.org\",\"@graph\":[{\"@type\":\"WebPage\",\"@id\":\"https:\/\/staging.idcab.se\/en\/kontakt\/\",\"url\":\"https:\/\/staging.idcab.se\/en\/kontakt\/\",\"name\":\"Contact us | IDC | Skaraborgs utvecklingsbolag f\u00f6r industrin\",\"isPartOf\":{\"@id\":\"https:\/\/staging.idcab.se\/en\/#website\"},\"datePublished\":\"2017-05-08T15:57:11+00:00\",\"dateModified\":\"2022-02-11T09:30:48+00:00\",\"description\":\"Det finns flera s\u00e4tt f\u00f6r dig att kontakta oss, v\u00e4lj det som passar dig b\u00e4st. IDC West Sweden AB Telefon 0500 \u2013 50 25 00 Epost info@idcab.se\",\"breadcrumb\":{\"@id\":\"https:\/\/staging.idcab.se\/en\/kontakt\/#breadcrumb\"},\"inLanguage\":\"en-US\",\"potentialAction\":[{\"@type\":\"ReadAction\",\"target\":[\"https:\/\/staging.idcab.se\/en\/kontakt\/\"]}]},{\"@type\":\"BreadcrumbList\",\"@id\":\"https:\/\/staging.idcab.se\/en\/kontakt\/#breadcrumb\",\"itemListElement\":[{\"@type\":\"ListItem\",\"position\":1,\"name\":\"Hem\",\"item\":\"https:\/\/staging.idcab.se\/en\/\"},{\"@type\":\"ListItem\",\"position\":2,\"name\":\"Contact us\"}]},{\"@type\":\"WebSite\",\"@id\":\"https:\/\/staging.idcab.se\/en\/#website\",\"url\":\"https:\/\/staging.idcab.se\/en\/\",\"name\":\"IDC | Skaraborgs utvecklingsbolag f\u00f6r industrin\",\"description\":\"IDC | Skaraborgs utvecklingsbolag f\u00f6r industrin\",\"publisher\":{\"@id\":\"https:\/\/staging.idcab.se\/en\/#organization\"},\"potentialAction\":[{\"@type\":\"SearchAction\",\"target\":{\"@type\":\"EntryPoint\",\"urlTemplate\":\"https:\/\/staging.idcab.se\/en\/?s={search_term_string}\"},\"query-input\":\"required name=search_term_string\"}],\"inLanguage\":\"en-US\"},{\"@type\":\"Organization\",\"@id\":\"https:\/\/staging.idcab.se\/en\/#organization\",\"name\":\"IDC - Industrial Development Center West Sweden AB\",\"url\":\"https:\/\/staging.idcab.se\/en\/\",\"logo\":{\"@type\":\"ImageObject\",\"inLanguage\":\"en-US\",\"@id\":\"https:\/\/staging.idcab.se\/en\/#\/schema\/logo\/image\/\",\"url\":\"https:\/\/storage.googleapis.com\/staging-idcab-se\/uploads\/2017\/06\/idc-logo-large.png\",\"contentUrl\":\"https:\/\/storage.googleapis.com\/staging-idcab-se\/uploads\/2017\/06\/idc-logo-large.png\",\"width\":840,\"height\":370,\"caption\":\"IDC - Industrial Development Center West Sweden AB\"},\"image\":{\"@id\":\"https:\/\/staging.idcab.se\/en\/#\/schema\/logo\/image\/\"},\"sameAs\":[\"https:\/\/www.facebook.com\/IDC-West-Sweden-AB-126935520693598\/?fref=ts\",\"https:\/\/www.linkedin.com\/company\/1178676\/\"]}]}<\/script>\n<!-- \/ Yoast SEO plugin. -->","yoast_head_json":{"title":"Contact us | IDC | Skaraborgs utvecklingsbolag f\u00f6r industrin","description":"Det finns flera s\u00e4tt f\u00f6r dig att kontakta oss, v\u00e4lj det som passar dig b\u00e4st. IDC West Sweden AB Telefon 0500 \u2013 50 25 00 Epost info@idcab.se","robots":{"index":"noindex","follow":"nofollow"},"og_locale":"en_US","og_type":"article","og_title":"Contact us | IDC | Skaraborgs utvecklingsbolag f\u00f6r industrin","og_description":"Det finns flera s\u00e4tt f\u00f6r dig att kontakta oss, v\u00e4lj det som passar dig b\u00e4st. IDC West Sweden AB Telefon 0500 \u2013 50 25 00 Epost info@idcab.se","og_url":"https:\/\/staging.idcab.se\/en\/kontakt\/","og_site_name":"IDC | Skaraborgs utvecklingsbolag f\u00f6r industrin","article_publisher":"https:\/\/www.facebook.com\/IDC-West-Sweden-AB-126935520693598\/?fref=ts","article_modified_time":"2022-02-11T09:30:48+00:00","twitter_card":"summary_large_image","twitter_misc":{"Est. reading time":"1 minute"},"schema":{"@context":"https:\/\/schema.org","@graph":[{"@type":"WebPage","@id":"https:\/\/staging.idcab.se\/en\/kontakt\/","url":"https:\/\/staging.idcab.se\/en\/kontakt\/","name":"Contact us | IDC | Skaraborgs utvecklingsbolag f\u00f6r industrin","isPartOf":{"@id":"https:\/\/staging.idcab.se\/en\/#website"},"datePublished":"2017-05-08T15:57:11+00:00","dateModified":"2022-02-11T09:30:48+00:00","description":"Det finns flera s\u00e4tt f\u00f6r dig att kontakta oss, v\u00e4lj det som passar dig b\u00e4st. IDC West Sweden AB Telefon 0500 \u2013 50 25 00 Epost info@idcab.se","breadcrumb":{"@id":"https:\/\/staging.idcab.se\/en\/kontakt\/#breadcrumb"},"inLanguage":"en-US","potentialAction":[{"@type":"ReadAction","target":["https:\/\/staging.idcab.se\/en\/kontakt\/"]}]},{"@type":"BreadcrumbList","@id":"https:\/\/staging.idcab.se\/en\/kontakt\/#breadcrumb","itemListElement":[{"@type":"ListItem","position":1,"name":"Hem","item":"https:\/\/staging.idcab.se\/en\/"},{"@type":"ListItem","position":2,"name":"Contact us"}]},{"@type":"WebSite","@id":"https:\/\/staging.idcab.se\/en\/#website","url":"https:\/\/staging.idcab.se\/en\/","name":"IDC | Skaraborgs utvecklingsbolag f\u00f6r industrin","description":"IDC | Skaraborgs utvecklingsbolag f\u00f6r industrin","publisher":{"@id":"https:\/\/staging.idcab.se\/en\/#organization"},"potentialAction":[{"@type":"SearchAction","target":{"@type":"EntryPoint","urlTemplate":"https:\/\/staging.idcab.se\/en\/?s={search_term_string}"},"query-input":"required name=search_term_string"}],"inLanguage":"en-US"},{"@type":"Organization","@id":"https:\/\/staging.idcab.se\/en\/#organization","name":"IDC - Industrial Development Center West Sweden AB","url":"https:\/\/staging.idcab.se\/en\/","logo":{"@type":"ImageObject","inLanguage":"en-US","@id":"https:\/\/staging.idcab.se\/en\/#\/schema\/logo\/image\/","url":"https:\/\/storage.googleapis.com\/staging-idcab-se\/uploads\/2017\/06\/idc-logo-large.png","contentUrl":"https:\/\/storage.googleapis.com\/staging-idcab-se\/uploads\/2017\/06\/idc-logo-large.png","width":840,"height":370,"caption":"IDC - Industrial Development Center West Sweden AB"},"image":{"@id":"https:\/\/staging.idcab.se\/en\/#\/schema\/logo\/image\/"},"sameAs":["https:\/\/www.facebook.com\/IDC-West-Sweden-AB-126935520693598\/?fref=ts","https:\/\/www.linkedin.com\/company\/1178676\/"]}]}},"_links":{"self":[{"href":"https:\/\/staging.idcab.se\/en\/wp-json\/wp\/v2\/pages\/15436"}],"collection":[{"href":"https:\/\/staging.idcab.se\/en\/wp-json\/wp\/v2\/pages"}],"about":[{"href":"https:\/\/staging.idcab.se\/en\/wp-json\/wp\/v2\/types\/page"}],"author":[{"embeddable":true,"href":"https:\/\/staging.idcab.se\/en\/wp-json\/wp\/v2\/users\/1"}],"replies":[{"embeddable":true,"href":"https:\/\/staging.idcab.se\/en\/wp-json\/wp\/v2\/comments?post=15436"}],"version-history":[{"count":6,"href":"https:\/\/staging.idcab.se\/en\/wp-json\/wp\/v2\/pages\/15436\/revisions"}],"predecessor-version":[{"id":25741,"href":"https:\/\/staging.idcab.se\/en\/wp-json\/wp\/v2\/pages\/15436\/revisions\/25741"}],"wp:attachment":[{"href":"https:\/\/staging.idcab.se\/en\/wp-json\/wp\/v2\/media?parent=15436"}],"curies":[{"name":"wp","href":"https:\/\/api.w.org\/{rel}","templated":true}]}}