{"id":15434,"date":"2017-05-08T17:50:11","date_gmt":"2017-05-08T15:50:11","guid":{"rendered":"https:\/\/staging.idcab.se\/projekt-insatser\/"},"modified":"2022-02-17T11:58:10","modified_gmt":"2022-02-17T10:58:10","slug":"projekt-insatser","status":"publish","type":"page","link":"https:\/\/staging.idcab.se\/en\/projekt-insatser\/","title":{"rendered":"Projects and ventures"},"content":{"rendered":"<h1><strong>Projects and ventures<\/strong><\/h1>\n<p class=\"lead-text\">IDC West Sweden is a development company for people in the manufacturing industry in Skaraborg. Our mission is to strengthen the competitiveness and profitability of the manufacturing industry in Skaraborg.<\/p>\n<p>As co-workers of IDC, we run a number of exciting projects focussing on different areas such as, development, the environment, circular economy, digitalisation, materials, product development, strategic competence provision, re-cycling and social sustainability.<\/p>\n<p>Through our projects, we can offer a unique breadth in our support of the manufacturing industry in Skaraborg in general and our partner companies in particular. We are close to research and development through our collaboration with the University of Sk\u00f6vde and our strategic placement at Science Park Sk\u00f6vde. We run both regional and national networks.<\/p>\n<h2>ASSAR Industrial Innovation Arena<\/h2>\n<p class=\"lead-text\">A platform for the exchange of knowledge with national and international companies, knowledge nodes and institutes.<\/p>\n<p><a href=\"https:\/\/storage.googleapis.com\/staging-idcab-se\/uploads\/2021\/03\/assar-logo-transp-200.png\"><img loading=\"lazy\" decoding=\"async\" class=\"size-full wp-image-23914 alignright\" src=\"https:\/\/storage.googleapis.com\/staging-idcab-se\/uploads\/2021\/03\/assar-logo-transp-200.png\" alt=\"\" width=\"200\" height=\"52\" \/><\/a>The aim of this venture is to establish a world-leading development environment which is physically and virtually integrated for research, technological development, innovation and education in Sk\u00f6vde.<\/p>\n<p>The initiators of this venture are Gothia Innovation AB, the University of Sk\u00f6vde, the Volvo Group, Volvo Car Corporation and Industrical Development Center West Sweden AB.<\/p>\n<h2>Catalyst<\/h2>\n<p class=\"lead-text\">For a smart and sustainable industry.<\/p>\n<p>Catalyst is the project which will give increased responsibility for the future through the conversion to a more circular economy and more sustainable products within industry.<\/p>\n<p>Through collaboration between several development centers, universities, innovation environments and research institutes, more than 360 manufacturing industrial companies in West Sweden will be given access to innovation experts and on-going projects and new research findings.<\/p>\n<h2>Circular Hub<\/h2>\n<p class=\"lead-text\">The project for circular fashion and sustainable environments.<\/p>\n<p><a href=\"https:\/\/storage.googleapis.com\/staging-idcab-se\/uploads\/2019\/06\/CircularHub_Pos.png\"><img loading=\"lazy\" decoding=\"async\" class=\"alignright wp-image-15488 size-medium\" src=\"https:\/\/storage.googleapis.com\/staging-idcab-se\/uploads\/2019\/06\/CircularHub_Pos-300x31.png\" alt=\"\" width=\"300\" height=\"31\" srcset=\"https:\/\/storage.googleapis.com\/staging-idcab-se\/uploads\/2019\/06\/CircularHub_Pos-300x31.png 300w, https:\/\/storage.googleapis.com\/staging-idcab-se\/uploads\/2019\/06\/CircularHub_Pos-768x79.png 768w, https:\/\/storage.googleapis.com\/staging-idcab-se\/uploads\/2019\/06\/CircularHub_Pos-1024x105.png 1024w, https:\/\/storage.googleapis.com\/staging-idcab-se\/uploads\/2019\/06\/CircularHub_Pos.png 1220w\" sizes=\"(max-width: 300px) 100vw, 300px\" \/><\/a>Circular Hub is a collaboration platform for circular business models concerning textiles, fashion, furnishings and furniture.<\/p>\n<p>The platform will work as a enabler and catalyst for the development of the textile, furnishing and furniture sectors in West Sweden with special emphasis on small and medium-sized companies in the region.<\/p>\n<p>Circular Hub\u2019s vision and overall aim is to place West Sweden as a world-leading partner and role model within circular economy and minimize the impact on the environment concerning textiles, fashion, furnishings and furniture.<\/p>\n<h2>Datemats<\/h2>\n<p class=\"lead-text\">The Datemats project will improve knowledge and technology transfer in a design-driven way.<\/p>\n<p><a href=\"https:\/\/storage.googleapis.com\/staging-idcab-se\/uploads\/2019\/06\/datemats-logotype.png\"><img loading=\"lazy\" decoding=\"async\" class=\"alignright wp-image-15642 size-medium\" src=\"https:\/\/storage.googleapis.com\/staging-idcab-se\/uploads\/2019\/06\/datemats-logotype-300x77.png\" alt=\"\" width=\"300\" height=\"77\" srcset=\"https:\/\/storage.googleapis.com\/staging-idcab-se\/uploads\/2019\/06\/datemats-logotype-300x77.png 300w, https:\/\/storage.googleapis.com\/staging-idcab-se\/uploads\/2019\/06\/datemats-logotype-768x196.png 768w, https:\/\/storage.googleapis.com\/staging-idcab-se\/uploads\/2019\/06\/datemats-logotype-1024x262.png 1024w\" sizes=\"(max-width: 300px) 100vw, 300px\" \/><\/a>The aim of the Datemats project is to transfer and implement a unique, design-driven method of training for students with various backgrounds (design and technology) within the area of Emerging Materials and Technologies (EMT). A further aim of the project is to increase knowlege and the transfer of technology from the Academy and research centers to industry. IDC West Sweden is one of several collaboration partners in Europe.<\/p>\n<h2>Fenixz<\/h2>\n<p class=\"lead-text\">Competence development for people and companies.<\/p>\n<p><a href=\"https:\/\/storage.googleapis.com\/staging-idcab-se\/uploads\/2021\/03\/Logotyp-ljus.png\"><img loading=\"lazy\" decoding=\"async\" class=\"alignright wp-image-24030 size-medium\" src=\"https:\/\/storage.googleapis.com\/staging-idcab-se\/uploads\/2021\/03\/Logotyp-ljus-300x169.png\" alt=\"\" width=\"300\" height=\"169\" srcset=\"https:\/\/storage.googleapis.com\/staging-idcab-se\/uploads\/2021\/03\/Logotyp-ljus-300x169.png 300w, https:\/\/storage.googleapis.com\/staging-idcab-se\/uploads\/2021\/03\/Logotyp-ljus.png 712w\" sizes=\"(max-width: 300px) 100vw, 300px\" \/><\/a>Fenixz aims to raise people&#8217;s skills level and stimulate business development, the project offers skills development for employees and leaders in small and medium-sized companies.<\/p>\n<p>&nbsp;<\/p>\n<h2>Framrutan<\/h2>\n<p class=\"lead-text\">Transformation for vehicle suppliers<\/p>\n<p><em><a href=\"https:\/\/storage.googleapis.com\/staging-idcab-se\/uploads\/2020\/10\/Logotyp-framrutan.png\"><img loading=\"lazy\" decoding=\"async\" class=\"alignright wp-image-21356 size-medium\" src=\"https:\/\/storage.googleapis.com\/staging-idcab-se\/uploads\/2020\/10\/Logotyp-framrutan-300x185.png\" alt=\"\" width=\"300\" height=\"185\" srcset=\"https:\/\/storage.googleapis.com\/staging-idcab-se\/uploads\/2020\/10\/Logotyp-framrutan-300x185.png 300w, https:\/\/storage.googleapis.com\/staging-idcab-se\/uploads\/2020\/10\/Logotyp-framrutan.png 660w\" sizes=\"(max-width: 300px) 100vw, 300px\" \/><\/a>Framrutan<\/em> is a regional collaborative project which offers 70 hours coaching support to help companies with their transformation. Furthermore, the project offers competence development and adaptation of operations based on the technological development taking place for the participants. This enhances the companies\u2019 competitiveness and the region will continue to be a world leader. The suppliers are the \u2018engine\u2019 of the industry with 375 suppliers and 42 500 employees in V\u00e4stra G\u00f6taland, making this extremely important.<\/p>\n<h2>Kompetens+<\/h2>\n<p class=\"lead-text\">For SMEs and startups<\/p>\n<p>The Competence + project gives companies the chance to strengthen their business with one of all the experienced and skilled people who have been affected by redundancies due to the corona pandemic. This will increase companies&#8217; ability to innovate and be competitive, and ultimately make the wheels roll faster and contribute to new jobs being created and skills remaining in the region.<\/p>\n<h2>Industriell Dynamik<\/h2>\n<p class=\"lead-text\">Your own advisor and practical support.<\/p>\n<p><a href=\"https:\/\/storage.googleapis.com\/staging-idcab-se\/uploads\/2021\/03\/ID-logo-liggande.jpg\"><img loading=\"lazy\" decoding=\"async\" class=\"alignright wp-image-23930 size-medium\" src=\"https:\/\/storage.googleapis.com\/staging-idcab-se\/uploads\/2021\/03\/ID-logo-liggande-300x74.jpg\" alt=\"\" width=\"300\" height=\"74\" srcset=\"https:\/\/storage.googleapis.com\/staging-idcab-se\/uploads\/2021\/03\/ID-logo-liggande-300x74.jpg 300w, https:\/\/storage.googleapis.com\/staging-idcab-se\/uploads\/2021\/03\/ID-logo-liggande-1024x254.jpg 1024w, https:\/\/storage.googleapis.com\/staging-idcab-se\/uploads\/2021\/03\/ID-logo-liggande-768x191.jpg 768w, https:\/\/storage.googleapis.com\/staging-idcab-se\/uploads\/2021\/03\/ID-logo-liggande-1536x381.jpg 1536w, https:\/\/storage.googleapis.com\/staging-idcab-se\/uploads\/2021\/03\/ID-logo-liggande-2048x508.jpg 2048w\" sizes=\"(max-width: 300px) 100vw, 300px\" \/><\/a>Industrial Dynamics is a resource for technological and business development aimed at small and medium-sized industrial companies in the Region of V\u00e4stra G\u00f6taland. Networks offers free needs analysis and contact with experts within the right area.<\/p>\n<p>Contact with networks is useful, for example, by identifying problems or showing the way forward. IDC West Sweden AB is one of fourteen member organisations with experts within various areas.<\/p>\n<h2>Material ConneXion Sk\u00f6vde<\/h2>\n<p class=\"lead-text\">Our development of a leading innovation region<\/p>\n<p><a href=\"https:\/\/storage.googleapis.com\/staging-idcab-se\/uploads\/2021\/03\/LOGO-mcx-2021-transp.png\"><img loading=\"lazy\" decoding=\"async\" class=\"alignright wp-image-23926 size-medium\" src=\"https:\/\/storage.googleapis.com\/staging-idcab-se\/uploads\/2021\/03\/LOGO-mcx-2021-transp-300x49.png\" alt=\"\" width=\"300\" height=\"49\" srcset=\"https:\/\/storage.googleapis.com\/staging-idcab-se\/uploads\/2021\/03\/LOGO-mcx-2021-transp-300x49.png 300w, https:\/\/storage.googleapis.com\/staging-idcab-se\/uploads\/2021\/03\/LOGO-mcx-2021-transp-1024x167.png 1024w, https:\/\/storage.googleapis.com\/staging-idcab-se\/uploads\/2021\/03\/LOGO-mcx-2021-transp-768x125.png 768w, https:\/\/storage.googleapis.com\/staging-idcab-se\/uploads\/2021\/03\/LOGO-mcx-2021-transp.png 1150w\" sizes=\"(max-width: 300px) 100vw, 300px\" \/><\/a>Material ConneXion is the world\u2019s first and biggest material library which today contains approximately 8000 advanced, innovative and sustainable materials.<\/p>\n<blockquote><p>Every idea has a material solution\u2122<\/p><\/blockquote>\n<p>IDC West Sweden AB has been commissioned to run the Scandinavian node of Material ConneXion because of our connection to the manufacturing industry. We are to contribute to northern Europe\u2019s leading region for innovation and development for the manufacturing industry and with the help of Material ConneXion companies, we can enhance their knowledge within the materials world. We have the possibility to offer a complete conference package in the middle of the library.<\/p>\n<h2>Next generation powertrain production<\/h2>\n<p class=\"lead-text\">Part of Vinnova&#8217;s program Challenge-driven Innovation, step 3 &#8211; implementation.<\/p>\n<p>The automotive industry is in the middle of a technology shift towards electric powertrains. One of the big challenges to remain competitive in the technology change is to be able to cost-effectively convert existing production to the production of new powertrains.<\/p>\n<h2>ReactEU Energy Storage &amp; Power Electronics<\/h2>\n<p>The project further develops the technical laboratory in ASSAR Industrial Innovation Arena and thereby strengthens Sk\u00f6vde and Skaraborg\u2019s position as a nationally significant node in the manufacture of electric powertrains.<\/p>\n<p>The investment broadens the existing technical laboratory in ASSAR to include more complete electric drive systems and creates a knowledge base within testing and verification of production methods as well as research on production systems in different parts of the value chain. The knowledge is relevant to the entire cluster of manufacturing companies, subcontractors, and technology companies located in the region.<\/p>\n<h2>Completed projects<\/h2>\n<p>Over the years, IDC has completed a number of projects, amongst others, Kompetensnavet, H\u00e5llbar industriell utveckling and M\u00f6belbruket.<\/p>\n<p><a class=\"btn-color-outline\" href=\"https:\/\/staging.idcab.se\/en\/projekt-insatser\/avslutade-projekt\/\">Read more about our completed project<\/a><\/p>\n","protected":false},"excerpt":{"rendered":"<p>Projects and ventures IDC West Sweden is a development company for people in the manufacturing industry in Skaraborg. Our mission&#8230; <a href=\"https:\/\/staging.idcab.se\/en\/projekt-insatser\/\">Read more<\/a><\/p>\n","protected":false},"author":1,"featured_media":0,"parent":0,"menu_order":0,"comment_status":"closed","ping_status":"closed","template":"","meta":{"footnotes":""},"class_list":["post-15434","page","type-page","status-publish","hentry"],"yoast_head":"<!-- This site is optimized with the Yoast SEO plugin v23.3 - https:\/\/yoast.com\/wordpress\/plugins\/seo\/ -->\n<title>Projects and ventures | IDC | Skaraborgs utvecklingsbolag f\u00f6r industrin<\/title>\n<meta name=\"description\" content=\"IDC driver projekt och insatser med fokus p\u00e5 utveckling, milj\u00f6, cirkul\u00e4r ekonomi, material, produktutveckling, kompetensf\u00f6rs\u00f6rjning, \u00e5terbruk &amp; h\u00e5llbarhet.\" \/>\n<meta name=\"robots\" content=\"noindex, nofollow\" \/>\n<meta property=\"og:locale\" content=\"en_US\" \/>\n<meta property=\"og:type\" content=\"article\" \/>\n<meta property=\"og:title\" content=\"Projects and ventures | IDC | Skaraborgs utvecklingsbolag f\u00f6r industrin\" \/>\n<meta property=\"og:description\" content=\"IDC driver projekt och insatser med fokus p\u00e5 utveckling, milj\u00f6, cirkul\u00e4r ekonomi, material, produktutveckling, kompetensf\u00f6rs\u00f6rjning, \u00e5terbruk &amp; h\u00e5llbarhet.\" \/>\n<meta property=\"og:url\" content=\"https:\/\/staging.idcab.se\/en\/projekt-insatser\/\" \/>\n<meta property=\"og:site_name\" content=\"IDC | Skaraborgs utvecklingsbolag f\u00f6r industrin\" \/>\n<meta property=\"article:publisher\" content=\"https:\/\/www.facebook.com\/IDC-West-Sweden-AB-126935520693598\/?fref=ts\" \/>\n<meta property=\"article:modified_time\" content=\"2022-02-17T10:58:10+00:00\" \/>\n<meta property=\"og:image\" content=\"https:\/\/storage.googleapis.com\/staging-idcab-se\/uploads\/2021\/03\/assar-logo-transp-200.png\" \/>\n<meta name=\"twitter:card\" content=\"summary_large_image\" \/>\n<meta name=\"twitter:label1\" content=\"Est. reading time\" \/>\n\t<meta name=\"twitter:data1\" content=\"5 minutes\" \/>\n<script type=\"application\/ld+json\" class=\"yoast-schema-graph\">{\"@context\":\"https:\/\/schema.org\",\"@graph\":[{\"@type\":\"WebPage\",\"@id\":\"https:\/\/staging.idcab.se\/en\/projekt-insatser\/\",\"url\":\"https:\/\/staging.idcab.se\/en\/projekt-insatser\/\",\"name\":\"Projects and ventures | IDC | Skaraborgs utvecklingsbolag f\u00f6r industrin\",\"isPartOf\":{\"@id\":\"https:\/\/staging.idcab.se\/en\/#website\"},\"primaryImageOfPage\":{\"@id\":\"https:\/\/staging.idcab.se\/en\/projekt-insatser\/#primaryimage\"},\"image\":{\"@id\":\"https:\/\/staging.idcab.se\/en\/projekt-insatser\/#primaryimage\"},\"thumbnailUrl\":\"https:\/\/storage.googleapis.com\/staging-idcab-se\/uploads\/2021\/03\/assar-logo-transp-200.png\",\"datePublished\":\"2017-05-08T15:50:11+00:00\",\"dateModified\":\"2022-02-17T10:58:10+00:00\",\"description\":\"IDC driver projekt och insatser med fokus p\u00e5 utveckling, milj\u00f6, cirkul\u00e4r ekonomi, material, produktutveckling, kompetensf\u00f6rs\u00f6rjning, \u00e5terbruk & h\u00e5llbarhet.\",\"breadcrumb\":{\"@id\":\"https:\/\/staging.idcab.se\/en\/projekt-insatser\/#breadcrumb\"},\"inLanguage\":\"en-US\",\"potentialAction\":[{\"@type\":\"ReadAction\",\"target\":[\"https:\/\/staging.idcab.se\/en\/projekt-insatser\/\"]}]},{\"@type\":\"ImageObject\",\"inLanguage\":\"en-US\",\"@id\":\"https:\/\/staging.idcab.se\/en\/projekt-insatser\/#primaryimage\",\"url\":\"https:\/\/storage.googleapis.com\/staging-idcab-se\/uploads\/2021\/03\/assar-logo-transp-200.png\",\"contentUrl\":\"https:\/\/storage.googleapis.com\/staging-idcab-se\/uploads\/2021\/03\/assar-logo-transp-200.png\"},{\"@type\":\"BreadcrumbList\",\"@id\":\"https:\/\/staging.idcab.se\/en\/projekt-insatser\/#breadcrumb\",\"itemListElement\":[{\"@type\":\"ListItem\",\"position\":1,\"name\":\"Hem\",\"item\":\"https:\/\/staging.idcab.se\/en\/\"},{\"@type\":\"ListItem\",\"position\":2,\"name\":\"Projects and ventures\"}]},{\"@type\":\"WebSite\",\"@id\":\"https:\/\/staging.idcab.se\/en\/#website\",\"url\":\"https:\/\/staging.idcab.se\/en\/\",\"name\":\"IDC | Skaraborgs utvecklingsbolag f\u00f6r industrin\",\"description\":\"IDC | Skaraborgs utvecklingsbolag f\u00f6r industrin\",\"publisher\":{\"@id\":\"https:\/\/staging.idcab.se\/en\/#organization\"},\"potentialAction\":[{\"@type\":\"SearchAction\",\"target\":{\"@type\":\"EntryPoint\",\"urlTemplate\":\"https:\/\/staging.idcab.se\/en\/?s={search_term_string}\"},\"query-input\":\"required name=search_term_string\"}],\"inLanguage\":\"en-US\"},{\"@type\":\"Organization\",\"@id\":\"https:\/\/staging.idcab.se\/en\/#organization\",\"name\":\"IDC - Industrial Development Center West Sweden AB\",\"url\":\"https:\/\/staging.idcab.se\/en\/\",\"logo\":{\"@type\":\"ImageObject\",\"inLanguage\":\"en-US\",\"@id\":\"https:\/\/staging.idcab.se\/en\/#\/schema\/logo\/image\/\",\"url\":\"https:\/\/storage.googleapis.com\/staging-idcab-se\/uploads\/2017\/06\/idc-logo-large.png\",\"contentUrl\":\"https:\/\/storage.googleapis.com\/staging-idcab-se\/uploads\/2017\/06\/idc-logo-large.png\",\"width\":840,\"height\":370,\"caption\":\"IDC - Industrial Development Center West Sweden AB\"},\"image\":{\"@id\":\"https:\/\/staging.idcab.se\/en\/#\/schema\/logo\/image\/\"},\"sameAs\":[\"https:\/\/www.facebook.com\/IDC-West-Sweden-AB-126935520693598\/?fref=ts\",\"https:\/\/www.linkedin.com\/company\/1178676\/\"]}]}<\/script>\n<!-- \/ Yoast SEO plugin. -->","yoast_head_json":{"title":"Projects and ventures | IDC | Skaraborgs utvecklingsbolag f\u00f6r industrin","description":"IDC driver projekt och insatser med fokus p\u00e5 utveckling, milj\u00f6, cirkul\u00e4r ekonomi, material, produktutveckling, kompetensf\u00f6rs\u00f6rjning, \u00e5terbruk & h\u00e5llbarhet.","robots":{"index":"noindex","follow":"nofollow"},"og_locale":"en_US","og_type":"article","og_title":"Projects and ventures | IDC | Skaraborgs utvecklingsbolag f\u00f6r industrin","og_description":"IDC driver projekt och insatser med fokus p\u00e5 utveckling, milj\u00f6, cirkul\u00e4r ekonomi, material, produktutveckling, kompetensf\u00f6rs\u00f6rjning, \u00e5terbruk & h\u00e5llbarhet.","og_url":"https:\/\/staging.idcab.se\/en\/projekt-insatser\/","og_site_name":"IDC | Skaraborgs utvecklingsbolag f\u00f6r industrin","article_publisher":"https:\/\/www.facebook.com\/IDC-West-Sweden-AB-126935520693598\/?fref=ts","article_modified_time":"2022-02-17T10:58:10+00:00","og_image":[{"url":"https:\/\/storage.googleapis.com\/staging-idcab-se\/uploads\/2021\/03\/assar-logo-transp-200.png"}],"twitter_card":"summary_large_image","twitter_misc":{"Est. reading time":"5 minutes"},"schema":{"@context":"https:\/\/schema.org","@graph":[{"@type":"WebPage","@id":"https:\/\/staging.idcab.se\/en\/projekt-insatser\/","url":"https:\/\/staging.idcab.se\/en\/projekt-insatser\/","name":"Projects and ventures | IDC | Skaraborgs utvecklingsbolag f\u00f6r industrin","isPartOf":{"@id":"https:\/\/staging.idcab.se\/en\/#website"},"primaryImageOfPage":{"@id":"https:\/\/staging.idcab.se\/en\/projekt-insatser\/#primaryimage"},"image":{"@id":"https:\/\/staging.idcab.se\/en\/projekt-insatser\/#primaryimage"},"thumbnailUrl":"https:\/\/storage.googleapis.com\/staging-idcab-se\/uploads\/2021\/03\/assar-logo-transp-200.png","datePublished":"2017-05-08T15:50:11+00:00","dateModified":"2022-02-17T10:58:10+00:00","description":"IDC driver projekt och insatser med fokus p\u00e5 utveckling, milj\u00f6, cirkul\u00e4r ekonomi, material, produktutveckling, kompetensf\u00f6rs\u00f6rjning, \u00e5terbruk & h\u00e5llbarhet.","breadcrumb":{"@id":"https:\/\/staging.idcab.se\/en\/projekt-insatser\/#breadcrumb"},"inLanguage":"en-US","potentialAction":[{"@type":"ReadAction","target":["https:\/\/staging.idcab.se\/en\/projekt-insatser\/"]}]},{"@type":"ImageObject","inLanguage":"en-US","@id":"https:\/\/staging.idcab.se\/en\/projekt-insatser\/#primaryimage","url":"https:\/\/storage.googleapis.com\/staging-idcab-se\/uploads\/2021\/03\/assar-logo-transp-200.png","contentUrl":"https:\/\/storage.googleapis.com\/staging-idcab-se\/uploads\/2021\/03\/assar-logo-transp-200.png"},{"@type":"BreadcrumbList","@id":"https:\/\/staging.idcab.se\/en\/projekt-insatser\/#breadcrumb","itemListElement":[{"@type":"ListItem","position":1,"name":"Hem","item":"https:\/\/staging.idcab.se\/en\/"},{"@type":"ListItem","position":2,"name":"Projects and ventures"}]},{"@type":"WebSite","@id":"https:\/\/staging.idcab.se\/en\/#website","url":"https:\/\/staging.idcab.se\/en\/","name":"IDC | Skaraborgs utvecklingsbolag f\u00f6r industrin","description":"IDC | Skaraborgs utvecklingsbolag f\u00f6r industrin","publisher":{"@id":"https:\/\/staging.idcab.se\/en\/#organization"},"potentialAction":[{"@type":"SearchAction","target":{"@type":"EntryPoint","urlTemplate":"https:\/\/staging.idcab.se\/en\/?s={search_term_string}"},"query-input":"required name=search_term_string"}],"inLanguage":"en-US"},{"@type":"Organization","@id":"https:\/\/staging.idcab.se\/en\/#organization","name":"IDC - Industrial Development Center West Sweden AB","url":"https:\/\/staging.idcab.se\/en\/","logo":{"@type":"ImageObject","inLanguage":"en-US","@id":"https:\/\/staging.idcab.se\/en\/#\/schema\/logo\/image\/","url":"https:\/\/storage.googleapis.com\/staging-idcab-se\/uploads\/2017\/06\/idc-logo-large.png","contentUrl":"https:\/\/storage.googleapis.com\/staging-idcab-se\/uploads\/2017\/06\/idc-logo-large.png","width":840,"height":370,"caption":"IDC - Industrial Development Center West Sweden AB"},"image":{"@id":"https:\/\/staging.idcab.se\/en\/#\/schema\/logo\/image\/"},"sameAs":["https:\/\/www.facebook.com\/IDC-West-Sweden-AB-126935520693598\/?fref=ts","https:\/\/www.linkedin.com\/company\/1178676\/"]}]}},"_links":{"self":[{"href":"https:\/\/staging.idcab.se\/en\/wp-json\/wp\/v2\/pages\/15434"}],"collection":[{"href":"https:\/\/staging.idcab.se\/en\/wp-json\/wp\/v2\/pages"}],"about":[{"href":"https:\/\/staging.idcab.se\/en\/wp-json\/wp\/v2\/types\/page"}],"author":[{"embeddable":true,"href":"https:\/\/staging.idcab.se\/en\/wp-json\/wp\/v2\/users\/1"}],"replies":[{"embeddable":true,"href":"https:\/\/staging.idcab.se\/en\/wp-json\/wp\/v2\/comments?post=15434"}],"version-history":[{"count":5,"href":"https:\/\/staging.idcab.se\/en\/wp-json\/wp\/v2\/pages\/15434\/revisions"}],"predecessor-version":[{"id":27071,"href":"https:\/\/staging.idcab.se\/en\/wp-json\/wp\/v2\/pages\/15434\/revisions\/27071"}],"wp:attachment":[{"href":"https:\/\/staging.idcab.se\/en\/wp-json\/wp\/v2\/media?parent=15434"}],"curies":[{"name":"wp","href":"https:\/\/api.w.org\/{rel}","templated":true}]}}